
{"id":9100,"date":"2025-09-29T11:43:08","date_gmt":"2025-09-29T08:43:08","guid":{"rendered":"http:\/\/www.saosteknoloji.com.tr\/?post_type=product&#038;p=9100"},"modified":"2025-09-29T12:41:04","modified_gmt":"2025-09-29T09:41:04","slug":"spot-garden-sc","status":"publish","type":"product","link":"http:\/\/www.saosteknoloji.com.tr\/tr\/urun\/spot-garden-sc\/","title":{"rendered":"Spot Garden SC"},"content":{"rendered":"","protected":false},"excerpt":{"rendered":"<h6>Bah\u00e7ede \u015f\u0131k ayd\u0131nlatma vurgular\u0131 i\u00e7in hareket dedekt\u00f6rl\u00fc zemin spotu Y\u00fcksek kaliteli al\u00fcminyumdan yap\u0131lm\u0131\u015f zarif ve sade tasar\u0131m, spot ba\u015fl\u0131\u011f\u0131 90\u00b0 dikey olarak d\u00f6nd\u00fcr\u00fclebilir Bluetooth \u00fczerinden kablosuz ba\u011flant\u0131 ve STEINEL Connect uygulamas\u0131yla kolay ayarlama 10 metreye kadar hareket alg\u0131lama \u00f6zelli\u011fine sahip 90\u00b0 k\u0131z\u0131l\u00f6tesi sens\u00f6r sayesinde otomatik ayd\u0131nlatma Fonksiyonlar: Alacakaranl\u0131k kontroll\u00fc \u0131\u015f\u0131k, entegre zamanlay\u0131c\u0131, gece tasarruf modu, 4 saat s\u00fcrekli \u0131\u015f\u0131k 7,9 W&#8217;da 512 lm s\u0131cak beyaz \u0131\u015f\u0131k (3000 K) veren GU-10 LED ampul dahil 2,5 m g\u00fc\u00e7 kablosu ve montaj aksesuarlar\u0131 dahil &#8211; plastiksiz ambalaj<\/h6>\n","protected":false},"featured_media":9103,"template":"","meta":[],"_links":{"self":[{"href":"http:\/\/www.saosteknoloji.com.tr\/tr\/wp-json\/wp\/v2\/product\/9100"}],"collection":[{"href":"http:\/\/www.saosteknoloji.com.tr\/tr\/wp-json\/wp\/v2\/product"}],"about":[{"href":"http:\/\/www.saosteknoloji.com.tr\/tr\/wp-json\/wp\/v2\/types\/product"}],"version-history":[{"count":4,"href":"http:\/\/www.saosteknoloji.com.tr\/tr\/wp-json\/wp\/v2\/product\/9100\/revisions"}],"predecessor-version":[{"id":9107,"href":"http:\/\/www.saosteknoloji.com.tr\/tr\/wp-json\/wp\/v2\/product\/9100\/revisions\/9107"}],"wp:featuredmedia":[{"embeddable":true,"href":"http:\/\/www.saosteknoloji.com.tr\/tr\/wp-json\/wp\/v2\/media\/9103"}],"wp:attachment":[{"href":"http:\/\/www.saosteknoloji.com.tr\/tr\/wp-json\/wp\/v2\/media?parent=9100"}],"curies":[{"name":"wp","href":"https:\/\/api.w.org\/{rel}","templated":true}]}}